{"id":4855,"date":"2024-04-26T12:09:45","date_gmt":"2024-04-26T12:09:45","guid":{"rendered":"https:\/\/www.cocospa.eu\/?post_type=product&#038;p=4855"},"modified":"2024-04-26T13:28:52","modified_gmt":"2024-04-26T13:28:52","slug":"bali","status":"publish","type":"product","link":"https:\/\/www.cocospa.eu\/es\/bain\/bali\/","title":{"rendered":"Bali"},"content":{"rendered":"<p>El spa Bali es un spa sobrio y elegante inspirado en la madera de haya, que le confiere mucho car\u00e1cter. Equilibrado con un contorno blanco que contrarresta la madera oscura, el spa Helsinki es una aut\u00e9ntica obra de arte que complementar\u00e1 a la perfecci\u00f3n su terraza de madera o piedra.<\/p>\n<p>A diferencia de los spas tradicionales de PVC, la tecnolog\u00eda dropstitch ofrece numerosas ventajas :<\/p>\n<ul>\n<li>Paredes m\u00e1s finas (5 cm en lugar de los 20-25 cm de los spas hinchables convencionales) que optimizan el volumen de agua y el espacio ocupado.<\/li>\n<li>Mayor resistencia. El Dropstitch es un material especialmente resistente utilizado en la industria n\u00e1utica (zodiacs, stand-up paddles, kayaks hinchables, etc.), que garantiza la m\u00e1xima solidez y resistencia a los impactos, la luz solar y el desgaste.<\/li>\n<li>Un aspecto impecable y una imitaci\u00f3n casi perfecta de un ba\u00f1o n\u00f3rdico de madera. Las paredes finas dan la ilusi\u00f3n de haber instalado un spa n\u00f3rdico de madera, a diferencia de los spas de paredes gruesas.<\/li>\n<li>Un potente motor para un calentamiento r\u00e1pido<\/li>\n<li>Una funci\u00f3n de burbujas e hidromasaje para ayudarle a <strong>relajarse<\/strong><\/li>\n<\/ul>\n<p>&nbsp;<\/p>\n<p>&nbsp;<\/p>\n<p><iframe title=\"YouTube video player\" src=\"https:\/\/www.youtube.com\/embed\/dYCqRFL_6ts\" width=\"560\" height=\"500\" frameborder=\"0\" allowfullscreen=\"allowfullscreen\"><\/iframe><\/p>\n<p>&nbsp;<\/p>\n<h2><\/h2>\n<h2>Dise\u00f1o y materiales de calidad :<\/h2>\n<p>Este spa hinchable destaca por su dise\u00f1o en imitaci\u00f3n madera, que le confiere un aspecto c\u00e1lido y elegante en perfecta armon\u00eda con su exterior. Fabricado con materiales Dropstitch de alta calidad, ofrece una resistencia, durabilidad y estabilidad excepcionales. Para que pueda disfrutar de momentos de relax con total seguridad.<\/p>\n<p>Su revestimiento de punto de ca\u00edda reforzado y su estructura r\u00edgida garantizan un sellado perfecto y resistencia a ara\u00f1azos y golpes, para un uso prolongado y sin preocupaciones. La tecnolog\u00eda Dropstitch tambi\u00e9n ofrece un mejor aislamiento t\u00e9rmico, ayudando a mantener la temperatura del agua durante m\u00e1s tiempo.<\/p>\n<h2>Confort y comodidad :<\/h2>\n<p>El spa hinchable Dropstitch imitaci\u00f3n madera puede acoger de 4 a 6 personas, lo que le permitir\u00e1 compartir momentos de relajaci\u00f3n y convivencia con familiares y amigos. Sus generosas dimensiones (di\u00e1metro: 180 cm, altura: 70 cm) ofrecen un amplio espacio para relajarse c\u00f3modamente. Las paredes gruesas y los cojines de asiento integrados garantizan un confort \u00f3ptimo durante sus sesiones de spa.<\/p>\n<p>Gracias a su r\u00e1pido sistema de calefacci\u00f3n de alto rendimiento, podr\u00e1 ajustar la temperatura del agua entre 20 y 42 \u00b0C seg\u00fan sus preferencias y el clima. Aproveche sus 140 chorros de aire para un masaje relajante y tonificante, que le ayudar\u00e1 a aliviar la tensi\u00f3n muscular y a relajarse despu\u00e9s de un largo d\u00eda de trabajo.<\/p>\n<h2>F\u00e1cil instalaci\u00f3n y mantenimiento :<\/h2>\n<p>Instalar este spa hinchable es un juego de ni\u00f1os. Basta con desembalarlo, inflarlo y llenarlo de agua para empezar a disfrutar. Se incluye un sistema de filtraci\u00f3n integrado y una cubierta aislante para preservar la calidad del agua y mantener la temperatura deseada. Adem\u00e1s, se suministran una alfombrilla y un inflador el\u00e9ctrico para facilitar a\u00fan m\u00e1s la instalaci\u00f3n.<\/p>\n<p>El mantenimiento del spa tambi\u00e9n es r\u00e1pido y sencillo, gracias al sistema de filtraci\u00f3n de cartucho y al tratamiento con cloro o bromo. La cubierta protectora mantiene el agua libre de residuos e impurezas, al tiempo que contribuye a la seguridad de su spa cuando no est\u00e1 en usoSpa maintenance is also quick and easy, thanks to a cartridge filtration system and chlorine or bromine treatment. The protective cover keeps the water free of debris and impurities, while contributing to the safety of your spa when not in use.<\/p>\n<h2>Transportable y f\u00e1cil de guardar :<\/h2>\n<p>Gracias a su peso ligero y a su estructura hinchable, este spa puede trasladarse y guardarse f\u00e1cilmente cuando no se utiliza. Es ideal para quienes desean disfrutar de un spa en casa sin las limitaciones de un coche.<\/p>\n<p>&nbsp;<\/p>\n<p>&nbsp;<\/p>\n<p>Especificaciones :<\/p>\n<p>&nbsp;<\/p>\n<p>Motor: 2040W<\/p>\n<p>Tama\u00f1o exterior: 180 cm<\/p>\n<p>Dimensiones interiores: 170 cm<\/p>\n<p>Capacidad: 6 personas<\/p>\n<p>Altura: 0,70cm<\/p>\n<p>Peso del paquete: (motor + spa + accesorios 30kg)<\/p>\n<p>Aumento de temperatura: 1,5 a 2 grados \/ hora<\/p>\n<p>Tecnolog\u00eda: Dropstitch<\/p>\n<p>Volumen de agua: 1100 litros<\/p>\n<p>Entregado con:<\/p>\n<ul>\n<li>Alfombrilla<\/li>\n<li>Cubierta<\/li>\n<li>Bomba<\/li>\n<li>Motor<\/li>\n<li>Bolsa de almacenamiento<\/li>\n<li>Filtro<\/li>\n<li>2 asientos<\/li>\n<\/ul>\n<p><img fetchpriority=\"high\" decoding=\"async\" class=\"alignnone wp-image-1023 size-full\" src=\"https:\/\/www.cocospa.eu\/wp-content\/uploads\/2023\/04\/Fiche_BALI_1500.jpeg\" alt=\"\" width=\"1500\" height=\"4639\" srcset=\"https:\/\/www.cocospa.eu\/wp-content\/uploads\/2023\/04\/Fiche_BALI_1500.jpeg 1500w, https:\/\/www.cocospa.eu\/wp-content\/uploads\/2023\/04\/Fiche_BALI_1500-97x300.jpeg 97w, https:\/\/www.cocospa.eu\/wp-content\/uploads\/2023\/04\/Fiche_BALI_1500-331x1024.jpeg 331w, https:\/\/www.cocospa.eu\/wp-content\/uploads\/2023\/04\/Fiche_BALI_1500-768x2375.jpeg 768w, https:\/\/www.cocospa.eu\/wp-content\/uploads\/2023\/04\/Fiche_BALI_1500-497x1536.jpeg 497w, https:\/\/www.cocospa.eu\/wp-content\/uploads\/2023\/04\/Fiche_BALI_1500-662x2048.jpeg 662w, https:\/\/www.cocospa.eu\/wp-content\/uploads\/2023\/04\/Fiche_BALI_1500-300x928.jpeg 300w, https:\/\/www.cocospa.eu\/wp-content\/uploads\/2023\/04\/Fiche_BALI_1500-600x1856.jpeg 600w\" sizes=\"(max-width: 1500px) 100vw, 1500px\" \/><\/p>\n","protected":false},"excerpt":{"rendered":"<p>El spa Bali es un spa sobrio y elegante inspirado en la madera de haya, que le confiere mucho car\u00e1cter. Equilibrado con un contorno blanco que contrarresta la madera oscura, el spa Helsinki es una aut\u00e9ntica obra de arte que complementar\u00e1 a la perfecci\u00f3n su terraza de madera o piedra. A diferencia de los spas [&hellip;]<\/p>\n","protected":false},"featured_media":4205,"comment_status":"closed","ping_status":"closed","template":"","meta":[],"product_cat":[],"product_tag":[],"yoast_head":"<!-- This site is optimized with the Yoast SEO plugin v22.8 - https:\/\/yoast.com\/wordpress\/plugins\/seo\/ -->\n<title>Bali<\/title>\n<meta name=\"robots\" content=\"index, follow, max-snippet:-1, max-image-preview:large, max-video-preview:-1\" \/>\n<link rel=\"canonical\" href=\"https:\/\/www.cocospa.eu\/es\/bain\/bali\/\" \/>\n<meta property=\"og:locale\" content=\"es_ES\" \/>\n<meta property=\"og:type\" content=\"article\" \/>\n<meta property=\"og:title\" content=\"Bali\" \/>\n<meta property=\"og:description\" content=\"El spa Bali es un spa sobrio y elegante inspirado en la madera de haya, que le confiere mucho car\u00e1cter. Equilibrado con un contorno blanco que contrarresta la madera oscura, el spa Helsinki es una aut\u00e9ntica obra de arte que complementar\u00e1 a la perfecci\u00f3n su terraza de madera o piedra. A diferencia de los spas [&hellip;]\" \/>\n<meta property=\"og:url\" content=\"https:\/\/www.cocospa.eu\/es\/bain\/bali\/\" \/>\n<meta property=\"og:site_name\" content=\"cocospa.eu\" \/>\n<meta property=\"article:publisher\" content=\"https:\/\/www.facebook.com\/cocospa.eu\" \/>\n<meta property=\"article:modified_time\" content=\"2024-04-26T13:28:52+00:00\" \/>\n<meta property=\"og:image\" content=\"https:\/\/www.cocospa.eu\/wp-content\/uploads\/2024\/04\/SPA-gonflable-cocospabali-3-e1712845358193.png\" \/>\n\t<meta property=\"og:image:width\" content=\"1640\" \/>\n\t<meta property=\"og:image:height\" content=\"1216\" \/>\n\t<meta property=\"og:image:type\" content=\"image\/png\" \/>\n<meta name=\"twitter:card\" content=\"summary_large_image\" \/>\n<meta name=\"twitter:label1\" content=\"Tiempo de lectura\" \/>\n\t<meta name=\"twitter:data1\" content=\"4 minutos\" \/>\n<script type=\"application\/ld+json\" class=\"yoast-schema-graph\">{\"@context\":\"https:\/\/schema.org\",\"@graph\":[{\"@type\":\"WebPage\",\"@id\":\"https:\/\/www.cocospa.eu\/es\/bain\/bali\/\",\"url\":\"https:\/\/www.cocospa.eu\/es\/bain\/bali\/\",\"name\":\"Bali\",\"isPartOf\":{\"@id\":\"https:\/\/www.cocospa.eu\/es\/#website\"},\"primaryImageOfPage\":{\"@id\":\"https:\/\/www.cocospa.eu\/es\/bain\/bali\/#primaryimage\"},\"image\":{\"@id\":\"https:\/\/www.cocospa.eu\/es\/bain\/bali\/#primaryimage\"},\"thumbnailUrl\":\"https:\/\/www.cocospa.eu\/wp-content\/uploads\/2024\/04\/SPA-gonflable-cocospabali-3-e1712845358193.png\",\"datePublished\":\"2024-04-26T12:09:45+00:00\",\"dateModified\":\"2024-04-26T13:28:52+00:00\",\"breadcrumb\":{\"@id\":\"https:\/\/www.cocospa.eu\/es\/bain\/bali\/#breadcrumb\"},\"inLanguage\":\"es\",\"potentialAction\":[{\"@type\":\"ReadAction\",\"target\":[\"https:\/\/www.cocospa.eu\/es\/bain\/bali\/\"]}]},{\"@type\":\"ImageObject\",\"inLanguage\":\"es\",\"@id\":\"https:\/\/www.cocospa.eu\/es\/bain\/bali\/#primaryimage\",\"url\":\"https:\/\/www.cocospa.eu\/wp-content\/uploads\/2024\/04\/SPA-gonflable-cocospabali-3-e1712845358193.png\",\"contentUrl\":\"https:\/\/www.cocospa.eu\/wp-content\/uploads\/2024\/04\/SPA-gonflable-cocospabali-3-e1712845358193.png\",\"width\":1640,\"height\":1216},{\"@type\":\"BreadcrumbList\",\"@id\":\"https:\/\/www.cocospa.eu\/es\/bain\/bali\/#breadcrumb\",\"itemListElement\":[{\"@type\":\"ListItem\",\"position\":1,\"name\":\"Accueil\",\"item\":\"https:\/\/www.cocospa.eu\/es\/\"},{\"@type\":\"ListItem\",\"position\":2,\"name\":\"Boutique\",\"item\":\"https:\/\/www.cocospa.eu\/boutique\/\"},{\"@type\":\"ListItem\",\"position\":3,\"name\":\"Bali\"}]},{\"@type\":\"WebSite\",\"@id\":\"https:\/\/www.cocospa.eu\/es\/#website\",\"url\":\"https:\/\/www.cocospa.eu\/es\/\",\"name\":\"COCO SPA\",\"description\":\"Bain, D\u00e9tente &amp; Design\",\"publisher\":{\"@id\":\"https:\/\/www.cocospa.eu\/es\/#organization\"},\"potentialAction\":[{\"@type\":\"SearchAction\",\"target\":{\"@type\":\"EntryPoint\",\"urlTemplate\":\"https:\/\/www.cocospa.eu\/es\/?s={search_term_string}\"},\"query-input\":\"required name=search_term_string\"}],\"inLanguage\":\"es\"},{\"@type\":\"Organization\",\"@id\":\"https:\/\/www.cocospa.eu\/es\/#organization\",\"name\":\"COCO SPA\",\"url\":\"https:\/\/www.cocospa.eu\/es\/\",\"logo\":{\"@type\":\"ImageObject\",\"inLanguage\":\"es\",\"@id\":\"https:\/\/www.cocospa.eu\/es\/#\/schema\/logo\/image\/\",\"url\":\"https:\/\/www.cocospa.eu\/wp-content\/uploads\/2023\/04\/logo-coco-spa.png\",\"contentUrl\":\"https:\/\/www.cocospa.eu\/wp-content\/uploads\/2023\/04\/logo-coco-spa.png\",\"width\":578,\"height\":652,\"caption\":\"COCO SPA\"},\"image\":{\"@id\":\"https:\/\/www.cocospa.eu\/es\/#\/schema\/logo\/image\/\"},\"sameAs\":[\"https:\/\/www.facebook.com\/cocospa.eu\"]}]}<\/script>\n<!-- \/ Yoast SEO plugin. -->","yoast_head_json":{"title":"Bali","robots":{"index":"index","follow":"follow","max-snippet":"max-snippet:-1","max-image-preview":"max-image-preview:large","max-video-preview":"max-video-preview:-1"},"canonical":"https:\/\/www.cocospa.eu\/es\/bain\/bali\/","og_locale":"es_ES","og_type":"article","og_title":"Bali","og_description":"El spa Bali es un spa sobrio y elegante inspirado en la madera de haya, que le confiere mucho car\u00e1cter. Equilibrado con un contorno blanco que contrarresta la madera oscura, el spa Helsinki es una aut\u00e9ntica obra de arte que complementar\u00e1 a la perfecci\u00f3n su terraza de madera o piedra. A diferencia de los spas [&hellip;]","og_url":"https:\/\/www.cocospa.eu\/es\/bain\/bali\/","og_site_name":"cocospa.eu","article_publisher":"https:\/\/www.facebook.com\/cocospa.eu","article_modified_time":"2024-04-26T13:28:52+00:00","og_image":[{"width":1640,"height":1216,"url":"https:\/\/www.cocospa.eu\/wp-content\/uploads\/2024\/04\/SPA-gonflable-cocospabali-3-e1712845358193.png","type":"image\/png"}],"twitter_card":"summary_large_image","twitter_misc":{"Tiempo de lectura":"4 minutos"},"schema":{"@context":"https:\/\/schema.org","@graph":[{"@type":"WebPage","@id":"https:\/\/www.cocospa.eu\/es\/bain\/bali\/","url":"https:\/\/www.cocospa.eu\/es\/bain\/bali\/","name":"Bali","isPartOf":{"@id":"https:\/\/www.cocospa.eu\/es\/#website"},"primaryImageOfPage":{"@id":"https:\/\/www.cocospa.eu\/es\/bain\/bali\/#primaryimage"},"image":{"@id":"https:\/\/www.cocospa.eu\/es\/bain\/bali\/#primaryimage"},"thumbnailUrl":"https:\/\/www.cocospa.eu\/wp-content\/uploads\/2024\/04\/SPA-gonflable-cocospabali-3-e1712845358193.png","datePublished":"2024-04-26T12:09:45+00:00","dateModified":"2024-04-26T13:28:52+00:00","breadcrumb":{"@id":"https:\/\/www.cocospa.eu\/es\/bain\/bali\/#breadcrumb"},"inLanguage":"es","potentialAction":[{"@type":"ReadAction","target":["https:\/\/www.cocospa.eu\/es\/bain\/bali\/"]}]},{"@type":"ImageObject","inLanguage":"es","@id":"https:\/\/www.cocospa.eu\/es\/bain\/bali\/#primaryimage","url":"https:\/\/www.cocospa.eu\/wp-content\/uploads\/2024\/04\/SPA-gonflable-cocospabali-3-e1712845358193.png","contentUrl":"https:\/\/www.cocospa.eu\/wp-content\/uploads\/2024\/04\/SPA-gonflable-cocospabali-3-e1712845358193.png","width":1640,"height":1216},{"@type":"BreadcrumbList","@id":"https:\/\/www.cocospa.eu\/es\/bain\/bali\/#breadcrumb","itemListElement":[{"@type":"ListItem","position":1,"name":"Accueil","item":"https:\/\/www.cocospa.eu\/es\/"},{"@type":"ListItem","position":2,"name":"Boutique","item":"https:\/\/www.cocospa.eu\/boutique\/"},{"@type":"ListItem","position":3,"name":"Bali"}]},{"@type":"WebSite","@id":"https:\/\/www.cocospa.eu\/es\/#website","url":"https:\/\/www.cocospa.eu\/es\/","name":"COCO SPA","description":"Bain, D\u00e9tente &amp; Design","publisher":{"@id":"https:\/\/www.cocospa.eu\/es\/#organization"},"potentialAction":[{"@type":"SearchAction","target":{"@type":"EntryPoint","urlTemplate":"https:\/\/www.cocospa.eu\/es\/?s={search_term_string}"},"query-input":"required name=search_term_string"}],"inLanguage":"es"},{"@type":"Organization","@id":"https:\/\/www.cocospa.eu\/es\/#organization","name":"COCO SPA","url":"https:\/\/www.cocospa.eu\/es\/","logo":{"@type":"ImageObject","inLanguage":"es","@id":"https:\/\/www.cocospa.eu\/es\/#\/schema\/logo\/image\/","url":"https:\/\/www.cocospa.eu\/wp-content\/uploads\/2023\/04\/logo-coco-spa.png","contentUrl":"https:\/\/www.cocospa.eu\/wp-content\/uploads\/2023\/04\/logo-coco-spa.png","width":578,"height":652,"caption":"COCO SPA"},"image":{"@id":"https:\/\/www.cocospa.eu\/es\/#\/schema\/logo\/image\/"},"sameAs":["https:\/\/www.facebook.com\/cocospa.eu"]}]}},"_links":{"self":[{"href":"https:\/\/www.cocospa.eu\/es\/wp-json\/wp\/v2\/product\/4855"}],"collection":[{"href":"https:\/\/www.cocospa.eu\/es\/wp-json\/wp\/v2\/product"}],"about":[{"href":"https:\/\/www.cocospa.eu\/es\/wp-json\/wp\/v2\/types\/product"}],"replies":[{"embeddable":true,"href":"https:\/\/www.cocospa.eu\/es\/wp-json\/wp\/v2\/comments?post=4855"}],"wp:featuredmedia":[{"embeddable":true,"href":"https:\/\/www.cocospa.eu\/es\/wp-json\/wp\/v2\/media\/4205"}],"wp:attachment":[{"href":"https:\/\/www.cocospa.eu\/es\/wp-json\/wp\/v2\/media?parent=4855"}],"wp:term":[{"taxonomy":"product_cat","embeddable":true,"href":"https:\/\/www.cocospa.eu\/es\/wp-json\/wp\/v2\/product_cat?post=4855"},{"taxonomy":"product_tag","embeddable":true,"href":"https:\/\/www.cocospa.eu\/es\/wp-json\/wp\/v2\/product_tag?post=4855"}],"curies":[{"name":"wp","href":"https:\/\/api.w.org\/{rel}","templated":true}]}}