{"id":4864,"date":"2024-04-26T12:09:48","date_gmt":"2024-04-26T12:09:48","guid":{"rendered":"https:\/\/www.cocospa.eu\/?post_type=product&#038;p=4864"},"modified":"2024-04-26T12:09:52","modified_gmt":"2024-04-26T12:09:52","slug":"helsinki-reconditionne","status":"publish","type":"product","link":"https:\/\/www.cocospa.eu\/es\/bain\/helsinki-reconditionne\/","title":{"rendered":"Helsinki ( reconditionn\u00e9 )"},"content":{"rendered":"<p>Un helsinki\u00a0 globalement en\u00a0 bon \u00e9tat qui pr\u00e9sentait une petite fuite sur la bordure du bas, solidement reconditionn\u00e9, r\u00e9-etancheifi\u00e9 et test\u00e9 pendant plusieurs jours ( test en eau et tenu \u00e0 l&#8217;air)<\/p>\n<p>Il pr\u00e9sente \u00e9galement 2 rapures sur la bordure du haut<\/p>\n<p>&nbsp;<\/p>\n<p>Un patch noir en bas\u00a0 est pr\u00e9sent mais est peu visible<\/p>\n<p>&nbsp;<\/p>\n<p>Livr\u00e9 avec moteur de test et tous les accessoires<\/p>\n<p>&nbsp;<\/p>\n<p>Garantie 1 an<\/p>\n","protected":false},"excerpt":{"rendered":"<p>Un helsinki\u00a0 globalement en\u00a0 bon \u00e9tat qui pr\u00e9sentait une petite fuite sur la bordure du bas, solidement reconditionn\u00e9, r\u00e9-etancheifi\u00e9 et test\u00e9 pendant plusieurs jours ( test en eau et tenu \u00e0 l&#8217;air) Il pr\u00e9sente \u00e9galement 2 rapures sur la bordure du haut &nbsp; Un patch noir en bas\u00a0 est pr\u00e9sent mais est peu visible &nbsp; [&hellip;]<\/p>\n","protected":false},"featured_media":3221,"comment_status":"closed","ping_status":"closed","template":"","meta":[],"product_cat":[25],"product_tag":[],"yoast_head":"<!-- This site is optimized with the Yoast SEO plugin v22.8 - https:\/\/yoast.com\/wordpress\/plugins\/seo\/ -->\n<title>Helsinki ( reconditionn\u00e9 )<\/title>\n<meta name=\"robots\" content=\"index, follow, max-snippet:-1, max-image-preview:large, max-video-preview:-1\" \/>\n<link rel=\"canonical\" href=\"https:\/\/www.cocospa.eu\/es\/bain\/helsinki-reconditionne\/\" \/>\n<meta property=\"og:locale\" content=\"es_ES\" \/>\n<meta property=\"og:type\" content=\"article\" \/>\n<meta property=\"og:title\" content=\"Helsinki ( reconditionn\u00e9 )\" \/>\n<meta property=\"og:description\" content=\"Un helsinki\u00a0 globalement en\u00a0 bon \u00e9tat qui pr\u00e9sentait une petite fuite sur la bordure du bas, solidement reconditionn\u00e9, r\u00e9-etancheifi\u00e9 et test\u00e9 pendant plusieurs jours ( test en eau et tenu \u00e0 l&#8217;air) Il pr\u00e9sente \u00e9galement 2 rapures sur la bordure du haut &nbsp; Un patch noir en bas\u00a0 est pr\u00e9sent mais est peu visible &nbsp; [&hellip;]\" \/>\n<meta property=\"og:url\" content=\"https:\/\/www.cocospa.eu\/es\/bain\/helsinki-reconditionne\/\" \/>\n<meta property=\"og:site_name\" content=\"cocospa.eu\" \/>\n<meta property=\"article:publisher\" content=\"https:\/\/www.facebook.com\/cocospa.eu\" \/>\n<meta property=\"article:modified_time\" content=\"2024-04-26T12:09:52+00:00\" \/>\n<meta property=\"og:image\" content=\"https:\/\/www.cocospa.eu\/wp-content\/uploads\/2023\/09\/logotype_rvb-04.png\" \/>\n\t<meta property=\"og:image:width\" content=\"1064\" \/>\n\t<meta property=\"og:image:height\" content=\"634\" \/>\n\t<meta property=\"og:image:type\" content=\"image\/png\" \/>\n<meta name=\"twitter:card\" content=\"summary_large_image\" \/>\n<script type=\"application\/ld+json\" class=\"yoast-schema-graph\">{\"@context\":\"https:\/\/schema.org\",\"@graph\":[{\"@type\":\"WebPage\",\"@id\":\"https:\/\/www.cocospa.eu\/es\/bain\/helsinki-reconditionne\/\",\"url\":\"https:\/\/www.cocospa.eu\/es\/bain\/helsinki-reconditionne\/\",\"name\":\"Helsinki ( reconditionn\u00e9 )\",\"isPartOf\":{\"@id\":\"https:\/\/www.cocospa.eu\/es\/#website\"},\"primaryImageOfPage\":{\"@id\":\"https:\/\/www.cocospa.eu\/es\/bain\/helsinki-reconditionne\/#primaryimage\"},\"image\":{\"@id\":\"https:\/\/www.cocospa.eu\/es\/bain\/helsinki-reconditionne\/#primaryimage\"},\"thumbnailUrl\":\"https:\/\/www.cocospa.eu\/wp-content\/uploads\/2023\/08\/helsinki5-rotated.jpg\",\"datePublished\":\"2024-04-26T12:09:48+00:00\",\"dateModified\":\"2024-04-26T12:09:52+00:00\",\"breadcrumb\":{\"@id\":\"https:\/\/www.cocospa.eu\/es\/bain\/helsinki-reconditionne\/#breadcrumb\"},\"inLanguage\":\"es\",\"potentialAction\":[{\"@type\":\"ReadAction\",\"target\":[\"https:\/\/www.cocospa.eu\/es\/bain\/helsinki-reconditionne\/\"]}]},{\"@type\":\"ImageObject\",\"inLanguage\":\"es\",\"@id\":\"https:\/\/www.cocospa.eu\/es\/bain\/helsinki-reconditionne\/#primaryimage\",\"url\":\"https:\/\/www.cocospa.eu\/wp-content\/uploads\/2023\/08\/helsinki5-rotated.jpg\",\"contentUrl\":\"https:\/\/www.cocospa.eu\/wp-content\/uploads\/2023\/08\/helsinki5-rotated.jpg\",\"width\":3024,\"height\":4032},{\"@type\":\"BreadcrumbList\",\"@id\":\"https:\/\/www.cocospa.eu\/es\/bain\/helsinki-reconditionne\/#breadcrumb\",\"itemListElement\":[{\"@type\":\"ListItem\",\"position\":1,\"name\":\"Accueil\",\"item\":\"https:\/\/www.cocospa.eu\/es\/\"},{\"@type\":\"ListItem\",\"position\":2,\"name\":\"Boutique\",\"item\":\"https:\/\/www.cocospa.eu\/boutique\/\"},{\"@type\":\"ListItem\",\"position\":3,\"name\":\"Helsinki ( reconditionn\u00e9 )\"}]},{\"@type\":\"WebSite\",\"@id\":\"https:\/\/www.cocospa.eu\/es\/#website\",\"url\":\"https:\/\/www.cocospa.eu\/es\/\",\"name\":\"COCO SPA\",\"description\":\"Bain, D\u00e9tente &amp; Design\",\"publisher\":{\"@id\":\"https:\/\/www.cocospa.eu\/es\/#organization\"},\"potentialAction\":[{\"@type\":\"SearchAction\",\"target\":{\"@type\":\"EntryPoint\",\"urlTemplate\":\"https:\/\/www.cocospa.eu\/es\/?s={search_term_string}\"},\"query-input\":\"required name=search_term_string\"}],\"inLanguage\":\"es\"},{\"@type\":\"Organization\",\"@id\":\"https:\/\/www.cocospa.eu\/es\/#organization\",\"name\":\"COCO SPA\",\"url\":\"https:\/\/www.cocospa.eu\/es\/\",\"logo\":{\"@type\":\"ImageObject\",\"inLanguage\":\"es\",\"@id\":\"https:\/\/www.cocospa.eu\/es\/#\/schema\/logo\/image\/\",\"url\":\"https:\/\/www.cocospa.eu\/wp-content\/uploads\/2023\/04\/logo-coco-spa.png\",\"contentUrl\":\"https:\/\/www.cocospa.eu\/wp-content\/uploads\/2023\/04\/logo-coco-spa.png\",\"width\":578,\"height\":652,\"caption\":\"COCO SPA\"},\"image\":{\"@id\":\"https:\/\/www.cocospa.eu\/es\/#\/schema\/logo\/image\/\"},\"sameAs\":[\"https:\/\/www.facebook.com\/cocospa.eu\"]}]}<\/script>\n<!-- \/ Yoast SEO plugin. -->","yoast_head_json":{"title":"Helsinki ( reconditionn\u00e9 )","robots":{"index":"index","follow":"follow","max-snippet":"max-snippet:-1","max-image-preview":"max-image-preview:large","max-video-preview":"max-video-preview:-1"},"canonical":"https:\/\/www.cocospa.eu\/es\/bain\/helsinki-reconditionne\/","og_locale":"es_ES","og_type":"article","og_title":"Helsinki ( reconditionn\u00e9 )","og_description":"Un helsinki\u00a0 globalement en\u00a0 bon \u00e9tat qui pr\u00e9sentait une petite fuite sur la bordure du bas, solidement reconditionn\u00e9, r\u00e9-etancheifi\u00e9 et test\u00e9 pendant plusieurs jours ( test en eau et tenu \u00e0 l&#8217;air) Il pr\u00e9sente \u00e9galement 2 rapures sur la bordure du haut &nbsp; Un patch noir en bas\u00a0 est pr\u00e9sent mais est peu visible &nbsp; [&hellip;]","og_url":"https:\/\/www.cocospa.eu\/es\/bain\/helsinki-reconditionne\/","og_site_name":"cocospa.eu","article_publisher":"https:\/\/www.facebook.com\/cocospa.eu","article_modified_time":"2024-04-26T12:09:52+00:00","og_image":[{"width":1064,"height":634,"url":"https:\/\/www.cocospa.eu\/wp-content\/uploads\/2023\/09\/logotype_rvb-04.png","type":"image\/png"}],"twitter_card":"summary_large_image","schema":{"@context":"https:\/\/schema.org","@graph":[{"@type":"WebPage","@id":"https:\/\/www.cocospa.eu\/es\/bain\/helsinki-reconditionne\/","url":"https:\/\/www.cocospa.eu\/es\/bain\/helsinki-reconditionne\/","name":"Helsinki ( reconditionn\u00e9 )","isPartOf":{"@id":"https:\/\/www.cocospa.eu\/es\/#website"},"primaryImageOfPage":{"@id":"https:\/\/www.cocospa.eu\/es\/bain\/helsinki-reconditionne\/#primaryimage"},"image":{"@id":"https:\/\/www.cocospa.eu\/es\/bain\/helsinki-reconditionne\/#primaryimage"},"thumbnailUrl":"https:\/\/www.cocospa.eu\/wp-content\/uploads\/2023\/08\/helsinki5-rotated.jpg","datePublished":"2024-04-26T12:09:48+00:00","dateModified":"2024-04-26T12:09:52+00:00","breadcrumb":{"@id":"https:\/\/www.cocospa.eu\/es\/bain\/helsinki-reconditionne\/#breadcrumb"},"inLanguage":"es","potentialAction":[{"@type":"ReadAction","target":["https:\/\/www.cocospa.eu\/es\/bain\/helsinki-reconditionne\/"]}]},{"@type":"ImageObject","inLanguage":"es","@id":"https:\/\/www.cocospa.eu\/es\/bain\/helsinki-reconditionne\/#primaryimage","url":"https:\/\/www.cocospa.eu\/wp-content\/uploads\/2023\/08\/helsinki5-rotated.jpg","contentUrl":"https:\/\/www.cocospa.eu\/wp-content\/uploads\/2023\/08\/helsinki5-rotated.jpg","width":3024,"height":4032},{"@type":"BreadcrumbList","@id":"https:\/\/www.cocospa.eu\/es\/bain\/helsinki-reconditionne\/#breadcrumb","itemListElement":[{"@type":"ListItem","position":1,"name":"Accueil","item":"https:\/\/www.cocospa.eu\/es\/"},{"@type":"ListItem","position":2,"name":"Boutique","item":"https:\/\/www.cocospa.eu\/boutique\/"},{"@type":"ListItem","position":3,"name":"Helsinki ( reconditionn\u00e9 )"}]},{"@type":"WebSite","@id":"https:\/\/www.cocospa.eu\/es\/#website","url":"https:\/\/www.cocospa.eu\/es\/","name":"COCO SPA","description":"Bain, D\u00e9tente &amp; Design","publisher":{"@id":"https:\/\/www.cocospa.eu\/es\/#organization"},"potentialAction":[{"@type":"SearchAction","target":{"@type":"EntryPoint","urlTemplate":"https:\/\/www.cocospa.eu\/es\/?s={search_term_string}"},"query-input":"required name=search_term_string"}],"inLanguage":"es"},{"@type":"Organization","@id":"https:\/\/www.cocospa.eu\/es\/#organization","name":"COCO SPA","url":"https:\/\/www.cocospa.eu\/es\/","logo":{"@type":"ImageObject","inLanguage":"es","@id":"https:\/\/www.cocospa.eu\/es\/#\/schema\/logo\/image\/","url":"https:\/\/www.cocospa.eu\/wp-content\/uploads\/2023\/04\/logo-coco-spa.png","contentUrl":"https:\/\/www.cocospa.eu\/wp-content\/uploads\/2023\/04\/logo-coco-spa.png","width":578,"height":652,"caption":"COCO SPA"},"image":{"@id":"https:\/\/www.cocospa.eu\/es\/#\/schema\/logo\/image\/"},"sameAs":["https:\/\/www.facebook.com\/cocospa.eu"]}]}},"_links":{"self":[{"href":"https:\/\/www.cocospa.eu\/es\/wp-json\/wp\/v2\/product\/4864"}],"collection":[{"href":"https:\/\/www.cocospa.eu\/es\/wp-json\/wp\/v2\/product"}],"about":[{"href":"https:\/\/www.cocospa.eu\/es\/wp-json\/wp\/v2\/types\/product"}],"replies":[{"embeddable":true,"href":"https:\/\/www.cocospa.eu\/es\/wp-json\/wp\/v2\/comments?post=4864"}],"wp:featuredmedia":[{"embeddable":true,"href":"https:\/\/www.cocospa.eu\/es\/wp-json\/wp\/v2\/media\/3221"}],"wp:attachment":[{"href":"https:\/\/www.cocospa.eu\/es\/wp-json\/wp\/v2\/media?parent=4864"}],"wp:term":[{"taxonomy":"product_cat","embeddable":true,"href":"https:\/\/www.cocospa.eu\/es\/wp-json\/wp\/v2\/product_cat?post=4864"},{"taxonomy":"product_tag","embeddable":true,"href":"https:\/\/www.cocospa.eu\/es\/wp-json\/wp\/v2\/product_tag?post=4864"}],"curies":[{"name":"wp","href":"https:\/\/api.w.org\/{rel}","templated":true}]}}